{"id":496,"date":"2022-11-07T13:47:59","date_gmt":"2022-11-07T13:47:59","guid":{"rendered":"https:\/\/kadence.pixel-show.com\/influencer\/?page_id=6"},"modified":"2026-02-18T22:50:18","modified_gmt":"2026-02-18T21:50:18","slug":"home","status":"publish","type":"page","link":"https:\/\/sushihouseasia.no\/","title":{"rendered":"Home"},"content":{"rendered":"<style>.kb-row-layout-id496_b32934-1d > .kt-row-column-wrap{align-content:start;}:where(.kb-row-layout-id496_b32934-1d > .kt-row-column-wrap) > .wp-block-kadence-column{justify-content:start;}.kb-row-layout-id496_b32934-1d > .kt-row-column-wrap{column-gap:var(--global-kb-gap-md, 2rem);row-gap:var(--global-kb-gap-md, 2rem);max-width:var( --global-content-width, 1290px );padding-left:var(--global-content-edge-padding);padding-right:var(--global-content-edge-padding);padding-top:60px;padding-right:20px;padding-bottom:60px;padding-left:20px;grid-template-columns:repeat(2, minmax(0, 1fr));}.kb-row-layout-id496_b32934-1d{background-color:rgba(0,0,0,0.98);}.kb-row-layout-id496_b32934-1d > .kt-row-layout-overlay{opacity:0.30;}@media all and (max-width: 1024px){.kb-row-layout-id496_b32934-1d > .kt-row-column-wrap{padding-top:80px;padding-right:150px;padding-left:150px;grid-template-columns:repeat(2, minmax(0, 1fr));}}@media all and (max-width: 767px){.kb-row-layout-id496_b32934-1d > .kt-row-column-wrap{padding-top:40px;padding-right:30px;padding-left:30px;grid-template-columns:minmax(0, 1fr);}}<\/style><div class=\"kb-row-layout-wrap kb-row-layout-id496_b32934-1d alignnone kt-row-has-bg wp-block-kadence-rowlayout\"><div class=\"kt-row-column-wrap kt-has-2-columns kt-row-layout-equal kt-tab-layout-inherit kt-mobile-layout-row kt-row-valign-top kb-theme-content-width\">\n<style>.kadence-column496_4e19dc-80, .kt-inside-inner-col > .kadence-column496_4e19dc-80:not(.specificity){margin-top:30px;margin-right:20px;margin-left:20px;}.kadence-column496_4e19dc-80 > .kt-inside-inner-col,.kadence-column496_4e19dc-80 > .kt-inside-inner-col:before{border-top-left-radius:0px;border-top-right-radius:0px;border-bottom-right-radius:0px;border-bottom-left-radius:0px;}.kadence-column496_4e19dc-80 > .kt-inside-inner-col:before{opacity:0.2;}.kadence-column496_4e19dc-80{position:relative;}@media all and (max-width: 1024px){.kadence-column496_4e19dc-80, .kt-inside-inner-col > .kadence-column496_4e19dc-80:not(.specificity){margin-top:0px;margin-right:0px;margin-bottom:0px;margin-left:0px;}}@media all and (max-width: 767px){.kadence-column496_4e19dc-80, .kt-inside-inner-col > .kadence-column496_4e19dc-80:not(.specificity){margin-right:0px;margin-left:0px;}}<\/style>\n<div class=\"wp-block-kadence-column kadence-column496_4e19dc-80 kb-section-has-overlay inner-column-1\"><div class=\"kt-inside-inner-col\"><style>.wp-block-kadence-advancedheading.kt-adv-heading496_0e1055-45, .wp-block-kadence-advancedheading.kt-adv-heading496_0e1055-45[data-kb-block=\"kb-adv-heading496_0e1055-45\"]{padding-top:0px;margin-top:0px;text-align:center;font-size:40px;line-height:60px;font-weight:400;font-style:normal;font-family:'Sorts Mill Goudy';}.wp-block-kadence-advancedheading.kt-adv-heading496_0e1055-45 mark, .wp-block-kadence-advancedheading.kt-adv-heading496_0e1055-45[data-kb-block=\"kb-adv-heading496_0e1055-45\"] mark{font-style:normal;color:#f76a0c;padding-top:0px;padding-right:0px;padding-bottom:0px;padding-left:0px;}@media all and (max-width: 1024px){.wp-block-kadence-advancedheading.kt-adv-heading496_0e1055-45, .wp-block-kadence-advancedheading.kt-adv-heading496_0e1055-45[data-kb-block=\"kb-adv-heading496_0e1055-45\"]{font-size:70px;text-align:center!important;}}@media all and (max-width: 767px){.wp-block-kadence-advancedheading.kt-adv-heading496_0e1055-45, .wp-block-kadence-advancedheading.kt-adv-heading496_0e1055-45[data-kb-block=\"kb-adv-heading496_0e1055-45\"]{font-size:50px;line-height:50px;text-align:center!important;}}<\/style>\n<h5 class=\"kt-adv-heading496_0e1055-45 wp-block-kadence-advancedheading\" data-kb-block=\"kb-adv-heading496_0e1055-45\"><!-- If you would like to customize the button, remove or change the \"class\" attribute inside the <span> tag -->\n<span class=\"glf-button\" data-glf-cuid=\"66b12b86-1fda-4082-9a9c-7d7a79094b8c\" data-glf-ruid=\"06496270-cf0f-4f11-a064-8473150ebc0a\">SE MENY OG BESTILL ONLINE<\/span>\n<script src=\"https:\/\/www.fbgcdn.com\/\" defer=\"\" async=\"\"><\/script><\/h5>\n\n\n<style>.wp-block-kadence-advancedheading.kt-adv-heading496_d32fe4-7e, .wp-block-kadence-advancedheading.kt-adv-heading496_d32fe4-7e[data-kb-block=\"kb-adv-heading496_d32fe4-7e\"]{margin-bottom:20px;text-align:center;font-style:normal;}.wp-block-kadence-advancedheading.kt-adv-heading496_d32fe4-7e mark, .wp-block-kadence-advancedheading.kt-adv-heading496_d32fe4-7e[data-kb-block=\"kb-adv-heading496_d32fe4-7e\"] mark{font-style:normal;color:#f76a0c;padding-top:0px;padding-right:0px;padding-bottom:0px;padding-left:0px;}@media all and (max-width: 1024px){.wp-block-kadence-advancedheading.kt-adv-heading496_d32fe4-7e, .wp-block-kadence-advancedheading.kt-adv-heading496_d32fe4-7e[data-kb-block=\"kb-adv-heading496_d32fe4-7e\"]{text-align:center!important;}}@media all and (max-width: 767px){.wp-block-kadence-advancedheading.kt-adv-heading496_d32fe4-7e, .wp-block-kadence-advancedheading.kt-adv-heading496_d32fe4-7e[data-kb-block=\"kb-adv-heading496_d32fe4-7e\"]{text-align:center!important;}}<\/style>\n<h4 class=\"kt-adv-heading496_d32fe4-7e wp-block-kadence-advancedheading\" data-kb-block=\"kb-adv-heading496_d32fe4-7e\">V\u00e5re \u00e5pningstider:<\/h4>\n\n\n<style>.wp-block-kadence-advancedheading.kt-adv-heading496_fb3336-14, .wp-block-kadence-advancedheading.kt-adv-heading496_fb3336-14[data-kb-block=\"kb-adv-heading496_fb3336-14\"]{margin-top:10px;margin-bottom:30px;text-align:center;font-style:normal;}.wp-block-kadence-advancedheading.kt-adv-heading496_fb3336-14 mark, .wp-block-kadence-advancedheading.kt-adv-heading496_fb3336-14[data-kb-block=\"kb-adv-heading496_fb3336-14\"] mark{font-style:normal;color:#f76a0c;padding-top:0px;padding-right:0px;padding-bottom:0px;padding-left:0px;}@media all and (max-width: 1024px){.wp-block-kadence-advancedheading.kt-adv-heading496_fb3336-14, .wp-block-kadence-advancedheading.kt-adv-heading496_fb3336-14[data-kb-block=\"kb-adv-heading496_fb3336-14\"]{text-align:center!important;}}@media all and (max-width: 767px){.wp-block-kadence-advancedheading.kt-adv-heading496_fb3336-14, .wp-block-kadence-advancedheading.kt-adv-heading496_fb3336-14[data-kb-block=\"kb-adv-heading496_fb3336-14\"]{text-align:center!important;}}<\/style>\n<p class=\"kt-adv-heading496_fb3336-14 wp-block-kadence-advancedheading\" data-kb-block=\"kb-adv-heading496_fb3336-14\">Mandag: stengt <br>Tir &#8211; S\u00f8n: 12 &#8211; 21<br><br>Telefon: 40 32 91 93<br>\u00d8vregata 4, 2380 Brummundal<\/p>\n\n\n<div class=\"wp-block-image\">\n<figure class=\"aligncenter size-full\"><img loading=\"lazy\" decoding=\"async\" width=\"230\" height=\"234\" src=\"http:\/\/sushihouseasia.no\/wp-content\/uploads\/2024\/01\/onepiece_adr.png\" alt=\"\" class=\"wp-image-578\"\/><\/figure>\n<\/div><\/div><\/div>\n\n\n<style>.kadence-column496_22474d-e0 > .kt-inside-inner-col,.kadence-column496_22474d-e0 > .kt-inside-inner-col:before{border-top-left-radius:0px;border-top-right-radius:0px;border-bottom-right-radius:0px;border-bottom-left-radius:0px;}.kadence-column496_22474d-e0 > .kt-inside-inner-col{justify-content:center;flex-direction:column;display:flex;}.kadence-column496_22474d-e0 > .kt-inside-inner-col > .aligncenter{width:100%;}.kt-row-column-wrap > .kadence-column496_22474d-e0{align-self:center;}.kt-inner-column-height-full:not(.kt-has-1-columns) > .wp-block-kadence-column.kadence-column496_22474d-e0{align-self:auto;}.kt-inner-column-height-full:not(.kt-has-1-columns) > .wp-block-kadence-column.kadence-column496_22474d-e0 > .kt-inside-inner-col{display:flex;flex-direction:column;justify-content:center;}.kadence-column496_22474d-e0 > .kt-inside-inner-col:before{opacity:0.3;}.kadence-column496_22474d-e0{position:relative;}<\/style>\n<div class=\"wp-block-kadence-column kadence-column496_22474d-e0\"><div class=\"kt-inside-inner-col\">\n<figure class=\"wp-block-image size-large\"><img loading=\"lazy\" decoding=\"async\" width=\"1024\" height=\"682\" src=\"http:\/\/sushihouseasia.no\/wp-content\/uploads\/2025\/01\/Fosidebilde2_OnePieceSushi-1024x682.jpg\" alt=\"\" class=\"wp-image-699\" srcset=\"https:\/\/sushihouseasia.no\/wp-content\/uploads\/2025\/01\/Fosidebilde2_OnePieceSushi-1024x682.jpg 1024w, https:\/\/sushihouseasia.no\/wp-content\/uploads\/2025\/01\/Fosidebilde2_OnePieceSushi-300x200.jpg 300w, https:\/\/sushihouseasia.no\/wp-content\/uploads\/2025\/01\/Fosidebilde2_OnePieceSushi-768x512.jpg 768w, https:\/\/sushihouseasia.no\/wp-content\/uploads\/2025\/01\/Fosidebilde2_OnePieceSushi-1536x1024.jpg 1536w, https:\/\/sushihouseasia.no\/wp-content\/uploads\/2025\/01\/Fosidebilde2_OnePieceSushi.jpg 2000w\" sizes=\"auto, (max-width: 1024px) 100vw, 1024px\" \/><\/figure>\n\n\n\n<figure class=\"wp-block-gallery aligncenter has-nested-images columns-4 is-cropped wp-block-gallery-1 is-layout-flex wp-block-gallery-is-layout-flex\">\n<figure class=\"wp-block-image size-large\"><img loading=\"lazy\" decoding=\"async\" width=\"1024\" height=\"576\" data-id=\"646\" src=\"http:\/\/sushihouseasia.no\/wp-content\/uploads\/2024\/01\/406515612_1304867780191253_3539371344308199568_n-1024x576.jpg\" alt=\"\" class=\"wp-image-646\" srcset=\"https:\/\/sushihouseasia.no\/wp-content\/uploads\/2024\/01\/406515612_1304867780191253_3539371344308199568_n-1024x576.jpg 1024w, https:\/\/sushihouseasia.no\/wp-content\/uploads\/2024\/01\/406515612_1304867780191253_3539371344308199568_n-300x169.jpg 300w, https:\/\/sushihouseasia.no\/wp-content\/uploads\/2024\/01\/406515612_1304867780191253_3539371344308199568_n-768x432.jpg 768w, https:\/\/sushihouseasia.no\/wp-content\/uploads\/2024\/01\/406515612_1304867780191253_3539371344308199568_n-1536x864.jpg 1536w, https:\/\/sushihouseasia.no\/wp-content\/uploads\/2024\/01\/406515612_1304867780191253_3539371344308199568_n.jpg 1600w\" sizes=\"auto, (max-width: 1024px) 100vw, 1024px\" \/><\/figure>\n\n\n\n<figure class=\"wp-block-image size-large\"><img loading=\"lazy\" decoding=\"async\" width=\"956\" height=\"1024\" data-id=\"642\" src=\"http:\/\/sushihouseasia.no\/wp-content\/uploads\/2024\/01\/406437696_334628355871630_8998412271961577722_n-956x1024.jpg\" alt=\"\" class=\"wp-image-642\" srcset=\"https:\/\/sushihouseasia.no\/wp-content\/uploads\/2024\/01\/406437696_334628355871630_8998412271961577722_n-956x1024.jpg 956w, https:\/\/sushihouseasia.no\/wp-content\/uploads\/2024\/01\/406437696_334628355871630_8998412271961577722_n-280x300.jpg 280w, https:\/\/sushihouseasia.no\/wp-content\/uploads\/2024\/01\/406437696_334628355871630_8998412271961577722_n-768x822.jpg 768w, https:\/\/sushihouseasia.no\/wp-content\/uploads\/2024\/01\/406437696_334628355871630_8998412271961577722_n-1434x1536.jpg 1434w, https:\/\/sushihouseasia.no\/wp-content\/uploads\/2024\/01\/406437696_334628355871630_8998412271961577722_n.jpg 1498w\" sizes=\"auto, (max-width: 956px) 100vw, 956px\" \/><\/figure>\n\n\n\n<figure class=\"wp-block-image size-large\"><img loading=\"lazy\" decoding=\"async\" width=\"1024\" height=\"576\" data-id=\"638\" src=\"http:\/\/sushihouseasia.no\/wp-content\/uploads\/2024\/01\/406337957_3664178563852877_7623450527555873547_n-1024x576.jpg\" alt=\"\" class=\"wp-image-638\" srcset=\"https:\/\/sushihouseasia.no\/wp-content\/uploads\/2024\/01\/406337957_3664178563852877_7623450527555873547_n-1024x576.jpg 1024w, https:\/\/sushihouseasia.no\/wp-content\/uploads\/2024\/01\/406337957_3664178563852877_7623450527555873547_n-300x169.jpg 300w, https:\/\/sushihouseasia.no\/wp-content\/uploads\/2024\/01\/406337957_3664178563852877_7623450527555873547_n-768x432.jpg 768w, https:\/\/sushihouseasia.no\/wp-content\/uploads\/2024\/01\/406337957_3664178563852877_7623450527555873547_n-1536x864.jpg 1536w, https:\/\/sushihouseasia.no\/wp-content\/uploads\/2024\/01\/406337957_3664178563852877_7623450527555873547_n.jpg 1600w\" sizes=\"auto, (max-width: 1024px) 100vw, 1024px\" \/><\/figure>\n\n\n\n<figure class=\"wp-block-image size-large\"><img loading=\"lazy\" decoding=\"async\" width=\"1024\" height=\"576\" data-id=\"649\" src=\"http:\/\/sushihouseasia.no\/wp-content\/uploads\/2024\/01\/406777849_327722710117772_2174469623047489653_n-1024x576.jpg\" alt=\"\" class=\"wp-image-649\" srcset=\"https:\/\/sushihouseasia.no\/wp-content\/uploads\/2024\/01\/406777849_327722710117772_2174469623047489653_n-1024x576.jpg 1024w, https:\/\/sushihouseasia.no\/wp-content\/uploads\/2024\/01\/406777849_327722710117772_2174469623047489653_n-300x169.jpg 300w, https:\/\/sushihouseasia.no\/wp-content\/uploads\/2024\/01\/406777849_327722710117772_2174469623047489653_n-768x432.jpg 768w, https:\/\/sushihouseasia.no\/wp-content\/uploads\/2024\/01\/406777849_327722710117772_2174469623047489653_n-1536x864.jpg 1536w, https:\/\/sushihouseasia.no\/wp-content\/uploads\/2024\/01\/406777849_327722710117772_2174469623047489653_n.jpg 1600w\" sizes=\"auto, (max-width: 1024px) 100vw, 1024px\" \/><\/figure>\n<\/figure>\n<\/div><\/div>\n\n<\/div><\/div>\n\n<style>.kb-row-layout-id496_ac3bf7-bd > .kt-row-column-wrap{align-content:start;}:where(.kb-row-layout-id496_ac3bf7-bd > .kt-row-column-wrap) > .wp-block-kadence-column{justify-content:start;}.kb-row-layout-id496_ac3bf7-bd > .kt-row-column-wrap{column-gap:var(--global-kb-gap-md, 2rem);row-gap:var(--global-kb-gap-md, 2rem);max-width:var( --global-content-width, 1290px );padding-left:var(--global-content-edge-padding);padding-right:var(--global-content-edge-padding);padding-top:26px;padding-right:20px;padding-bottom:0px;padding-left:20px;grid-template-columns:minmax(0, 1fr);}.kb-row-layout-id496_ac3bf7-bd{background-color:#242424;}.kb-row-layout-id496_ac3bf7-bd > .kt-row-layout-overlay{opacity:1;}@media all and (max-width: 1024px){.kb-row-layout-id496_ac3bf7-bd > .kt-row-column-wrap{padding-top:180px;padding-right:150px;padding-left:150px;grid-template-columns:minmax(0, 1fr);}}@media all and (max-width: 767px){.kb-row-layout-id496_ac3bf7-bd > .kt-row-column-wrap{padding-top:175px;padding-right:30px;padding-bottom:40px;padding-left:30px;grid-template-columns:minmax(0, 1fr);}}<\/style><div class=\"kb-row-layout-wrap kb-row-layout-id496_ac3bf7-bd alignnone kt-row-has-bg wp-block-kadence-rowlayout\"><div class=\"kt-row-column-wrap kt-has-1-columns kt-row-layout-equal kt-tab-layout-inherit kt-mobile-layout-row kt-row-valign-top kb-theme-content-width\">\n<style>.kadence-column496_1a0318-53 > .kt-inside-inner-col,.kadence-column496_1a0318-53 > .kt-inside-inner-col:before{border-top-left-radius:0px;border-top-right-radius:0px;border-bottom-right-radius:0px;border-bottom-left-radius:0px;}.kadence-column496_1a0318-53 > .kt-inside-inner-col:before{opacity:0.3;}.kadence-column496_1a0318-53{position:relative;}<\/style>\n<div class=\"wp-block-kadence-column kadence-column496_1a0318-53 inner-column-1\"><div class=\"kt-inside-inner-col\"><style>.kb-row-layout-wrap.wp-block-kadence-rowlayout.kb-row-layout-id496_9944cb-30{margin-bottom:60px;}.kb-row-layout-id496_9944cb-30 > .kt-row-column-wrap{align-content:start;}:where(.kb-row-layout-id496_9944cb-30 > .kt-row-column-wrap) > .wp-block-kadence-column{justify-content:start;}.kb-row-layout-id496_9944cb-30 > .kt-row-column-wrap{column-gap:var(--global-kb-gap-md, 2rem);row-gap:var(--global-kb-gap-none, 0 );max-width:1000px;margin-left:auto;margin-right:auto;padding-top:0px;padding-right:0px;padding-bottom:0px;padding-left:0px;grid-template-columns:minmax(0, 1fr);}.kb-row-layout-id496_9944cb-30 > .kt-row-layout-overlay{opacity:0.30;}@media all and (max-width: 1024px){.kb-row-layout-id496_9944cb-30 > .kt-row-column-wrap{grid-template-columns:minmax(0, 1fr);}}@media all and (max-width: 767px){.kb-row-layout-id496_9944cb-30 > .kt-row-column-wrap{padding-top:0px;padding-right:0px;padding-bottom:0px;padding-left:0px;grid-template-columns:minmax(0, 1fr);}}<\/style><div class=\"kb-row-layout-wrap kb-row-layout-id496_9944cb-30 alignnone wp-block-kadence-rowlayout\"><div class=\"kt-row-column-wrap kt-has-1-columns kt-row-layout-equal kt-tab-layout-inherit kt-mobile-layout-row kt-row-valign-top\">\n<style>.kadence-column496_1b341a-48 > .kt-inside-inner-col,.kadence-column496_1b341a-48 > .kt-inside-inner-col:before{border-top-left-radius:0px;border-top-right-radius:0px;border-bottom-right-radius:0px;border-bottom-left-radius:0px;}.kadence-column496_1b341a-48 > .kt-inside-inner-col:before{opacity:0.3;}.kadence-column496_1b341a-48{position:relative;}<\/style>\n<div class=\"wp-block-kadence-column kadence-column496_1b341a-48 inner-column-1\"><div class=\"kt-inside-inner-col\"><div class=\"wp-block-image\">\n<figure class=\"aligncenter size-full\"><img loading=\"lazy\" decoding=\"async\" width=\"1182\" height=\"906\" src=\"http:\/\/sushihouseasia.no\/wp-content\/uploads\/2026\/02\/meny1.jpg\" alt=\"\" class=\"wp-image-731\" srcset=\"https:\/\/sushihouseasia.no\/wp-content\/uploads\/2026\/02\/meny1.jpg 1182w, https:\/\/sushihouseasia.no\/wp-content\/uploads\/2026\/02\/meny1-300x230.jpg 300w, https:\/\/sushihouseasia.no\/wp-content\/uploads\/2026\/02\/meny1-1024x785.jpg 1024w, https:\/\/sushihouseasia.no\/wp-content\/uploads\/2026\/02\/meny1-768x589.jpg 768w\" sizes=\"auto, (max-width: 1182px) 100vw, 1182px\" \/><\/figure>\n<\/div>\n\n<div class=\"wp-block-image\">\n<figure class=\"aligncenter size-full\"><img loading=\"lazy\" decoding=\"async\" width=\"1180\" height=\"905\" src=\"http:\/\/sushihouseasia.no\/wp-content\/uploads\/2026\/02\/meny2.jpg\" alt=\"\" class=\"wp-image-732\" srcset=\"https:\/\/sushihouseasia.no\/wp-content\/uploads\/2026\/02\/meny2.jpg 1180w, https:\/\/sushihouseasia.no\/wp-content\/uploads\/2026\/02\/meny2-300x230.jpg 300w, https:\/\/sushihouseasia.no\/wp-content\/uploads\/2026\/02\/meny2-1024x785.jpg 1024w, https:\/\/sushihouseasia.no\/wp-content\/uploads\/2026\/02\/meny2-768x589.jpg 768w\" sizes=\"auto, (max-width: 1180px) 100vw, 1180px\" \/><\/figure>\n<\/div>\n\n<div class=\"wp-block-image\">\n<figure class=\"aligncenter size-full\"><img loading=\"lazy\" decoding=\"async\" width=\"1181\" height=\"904\" src=\"http:\/\/sushihouseasia.no\/wp-content\/uploads\/2026\/02\/meny3.jpg\" alt=\"\" class=\"wp-image-733\" srcset=\"https:\/\/sushihouseasia.no\/wp-content\/uploads\/2026\/02\/meny3.jpg 1181w, https:\/\/sushihouseasia.no\/wp-content\/uploads\/2026\/02\/meny3-300x230.jpg 300w, https:\/\/sushihouseasia.no\/wp-content\/uploads\/2026\/02\/meny3-1024x784.jpg 1024w, https:\/\/sushihouseasia.no\/wp-content\/uploads\/2026\/02\/meny3-768x588.jpg 768w\" sizes=\"auto, (max-width: 1181px) 100vw, 1181px\" \/><\/figure>\n<\/div><\/div><\/div>\n\n<\/div><\/div><\/div><\/div>\n\n<\/div><\/div>","protected":false},"excerpt":{"rendered":"<p>SE MENY OG BESTILL ONLINE V\u00e5re \u00e5pningstider: Mandag: stengt Tir &#8211; S\u00f8n: 12 &#8211; 21 Telefon: 40 32 91 93\u00d8vregata 4, 2380 Brummundal<\/p>\n","protected":false},"author":1,"featured_media":0,"parent":0,"menu_order":0,"comment_status":"closed","ping_status":"closed","template":"","meta":{"_kad_post_transparent":"","_kad_post_title":"hide","_kad_post_layout":"fullwidth","_kad_post_sidebar_id":"","_kad_post_content_style":"unboxed","_kad_post_vertical_padding":"hide","_kad_post_feature":"hide","_kad_post_feature_position":"","_kad_post_header":false,"_kad_post_footer":false,"footnotes":""},"class_list":["post-496","page","type-page","status-publish","hentry"],"_links":{"self":[{"href":"https:\/\/sushihouseasia.no\/index.php?rest_route=\/wp\/v2\/pages\/496","targetHints":{"allow":["GET"]}}],"collection":[{"href":"https:\/\/sushihouseasia.no\/index.php?rest_route=\/wp\/v2\/pages"}],"about":[{"href":"https:\/\/sushihouseasia.no\/index.php?rest_route=\/wp\/v2\/types\/page"}],"author":[{"embeddable":true,"href":"https:\/\/sushihouseasia.no\/index.php?rest_route=\/wp\/v2\/users\/1"}],"replies":[{"embeddable":true,"href":"https:\/\/sushihouseasia.no\/index.php?rest_route=%2Fwp%2Fv2%2Fcomments&post=496"}],"version-history":[{"count":71,"href":"https:\/\/sushihouseasia.no\/index.php?rest_route=\/wp\/v2\/pages\/496\/revisions"}],"predecessor-version":[{"id":737,"href":"https:\/\/sushihouseasia.no\/index.php?rest_route=\/wp\/v2\/pages\/496\/revisions\/737"}],"wp:attachment":[{"href":"https:\/\/sushihouseasia.no\/index.php?rest_route=%2Fwp%2Fv2%2Fmedia&parent=496"}],"curies":[{"name":"wp","href":"https:\/\/api.w.org\/{rel}","templated":true}]}}